{"id":25,"date":"2019-06-07T07:01:38","date_gmt":"2019-06-07T07:01:38","guid":{"rendered":"http:\/\/conacon.de\/?page_id=25"},"modified":"2019-06-07T07:38:05","modified_gmt":"2019-06-07T07:38:05","slug":"vertrieb-und-marketing","status":"publish","type":"page","link":"https:\/\/conacon.de\/?page_id=25","title":{"rendered":"Vertrieb und Marketing"},"content":{"rendered":"\n<p>Ohne einen starken Vertrieb und ein kundenspezifisches Marketing ist es schwer den Unternehmenserfolg zu steigern. Wir haben die richtigen Ma\u00dfnahmen f\u00fcr Ihr Gesch\u00e4ft und unterst\u00fctzen Sie bei der Kundenbindung und Neukundenakquise. Wir schaffen den f\u00fcr Sie richtigen Marketing-Mix und schulen Ihr Vertriebsteam vor Ort. Moderne CRM-Systeme schaffen und dokumentieren alle Kundenbeziehungen vom ersten Kontakt bis zum Auftragsabschluss. Sie k\u00f6nnen genau erkennen, wo Ihre erfolgreichen Vertriebsmitarbeiter sitzen und verfolgen das t\u00e4gliche Handeln. Nat\u00fcrlich entwickeln wir mit Ihnen auch einen m\u00f6glichen kompletten Messeauftritt bis hin zur Webseite, Firmenbrosch\u00fcre oder einzelnen Flyern.<\/p>\n\n\n\n<ul><li> Analyse der Vertriebskan\u00e4le<\/li><li>Optimierung der Exportaktivit\u00e4ten \u2013 Europa als Wachstumschance<\/li><li>Erschlie\u00dfung neuer M\u00e4rkte und Nischen<\/li><li>Kundenadressen und Erstkontakt (Result-Mailings)<\/li><li>Optimierung Vertriebsau\u00dfen- und Innendienst<\/li><li>Einf\u00fchrung moderner CRM-Systeme (Customer-Relationship-Management)<\/li><li>Neugestaltung Webseite<\/li><li>Vertriebsdrucksachen (Kataloge, Brosch\u00fcren, Flyer)<\/li><li>After-Sales-Service \u2013 nach dem Verkauf ist vor dem Verkauf <\/li><\/ul>\n","protected":false},"excerpt":{"rendered":"<p>Ohne einen starken Vertrieb und ein kundenspezifisches Marketing ist es schwer den Unternehmenserfolg zu steigern. Wir haben die richtigen Ma\u00dfnahmen f\u00fcr Ihr Gesch\u00e4ft und unterst\u00fctzen Sie bei der Kundenbindung und Neukundenakquise. Wir schaffen den f\u00fcr Sie richtigen Marketing-Mix und schulen Ihr Vertriebsteam vor Ort. Moderne CRM-Systeme schaffen und dokumentieren alle Kundenbeziehungen vom ersten Kontakt bis &hellip; <a href=\"https:\/\/conacon.de\/?page_id=25\" class=\"more-link\"><span class=\"screen-reader-text\">Vertrieb und Marketing<\/span> weiterlesen<\/a><\/p>\n","protected":false},"author":1,"featured_media":43,"parent":0,"menu_order":0,"comment_status":"closed","ping_status":"closed","template":"","meta":[],"_links":{"self":[{"href":"https:\/\/conacon.de\/index.php?rest_route=\/wp\/v2\/pages\/25"}],"collection":[{"href":"https:\/\/conacon.de\/index.php?rest_route=\/wp\/v2\/pages"}],"about":[{"href":"https:\/\/conacon.de\/index.php?rest_route=\/wp\/v2\/types\/page"}],"author":[{"embeddable":true,"href":"https:\/\/conacon.de\/index.php?rest_route=\/wp\/v2\/users\/1"}],"replies":[{"embeddable":true,"href":"https:\/\/conacon.de\/index.php?rest_route=%2Fwp%2Fv2%2Fcomments&post=25"}],"version-history":[{"count":2,"href":"https:\/\/conacon.de\/index.php?rest_route=\/wp\/v2\/pages\/25\/revisions"}],"predecessor-version":[{"id":37,"href":"https:\/\/conacon.de\/index.php?rest_route=\/wp\/v2\/pages\/25\/revisions\/37"}],"wp:featuredmedia":[{"embeddable":true,"href":"https:\/\/conacon.de\/index.php?rest_route=\/wp\/v2\/media\/43"}],"wp:attachment":[{"href":"https:\/\/conacon.de\/index.php?rest_route=%2Fwp%2Fv2%2Fmedia&parent=25"}],"curies":[{"name":"wp","href":"https:\/\/api.w.org\/{rel}","templated":true}]}}