{"id":16,"date":"2019-06-07T06:47:09","date_gmt":"2019-06-07T06:47:09","guid":{"rendered":"http:\/\/conacon.de\/?page_id=16"},"modified":"2019-06-07T07:41:38","modified_gmt":"2019-06-07T07:41:38","slug":"organisation-und-prozessanalyse","status":"publish","type":"page","link":"https:\/\/conacon.de\/?page_id=16","title":{"rendered":"Organisation und Prozessanalyse"},"content":{"rendered":"\n<p>Die M\u00e4rkte und das Unternehmensumfeld sind st\u00e4ndig in Ver\u00e4nderung. H\u00e4ufig w\u00e4chst die Organisation des Unternehmens nicht richtig mit. Neben den hohen Personalkosten gibt es noch viele weitere Aspekte sinnvolle aber notwendige Investitionen zu t\u00e4tigen. Wir unterst\u00fctzen sie bei den Entscheidungen und analysieren Ihr Unternehmen im Detail.<\/p>\n\n\n\n<ul><li> Reorganisation der Aufbau- und Ablauforganisation<\/li><li>Optimierung von Gesch\u00e4ftsprozessen<\/li><li>Standortsuche und Standortanalyse<\/li><li>Integration von Qualit\u00e4tsmanagement in die Prozesse  <\/li><\/ul>\n","protected":false},"excerpt":{"rendered":"<p>Die M\u00e4rkte und das Unternehmensumfeld sind st\u00e4ndig in Ver\u00e4nderung. H\u00e4ufig w\u00e4chst die Organisation des Unternehmens nicht richtig mit. Neben den hohen Personalkosten gibt es noch viele weitere Aspekte sinnvolle aber notwendige Investitionen zu t\u00e4tigen. Wir unterst\u00fctzen sie bei den Entscheidungen und analysieren Ihr Unternehmen im Detail. Reorganisation der Aufbau- und Ablauforganisation Optimierung von Gesch\u00e4ftsprozessen Standortsuche &hellip; <a href=\"https:\/\/conacon.de\/?page_id=16\" class=\"more-link\"><span class=\"screen-reader-text\">Organisation und Prozessanalyse<\/span> weiterlesen<\/a><\/p>\n","protected":false},"author":1,"featured_media":47,"parent":0,"menu_order":0,"comment_status":"closed","ping_status":"closed","template":"","meta":[],"_links":{"self":[{"href":"https:\/\/conacon.de\/index.php?rest_route=\/wp\/v2\/pages\/16"}],"collection":[{"href":"https:\/\/conacon.de\/index.php?rest_route=\/wp\/v2\/pages"}],"about":[{"href":"https:\/\/conacon.de\/index.php?rest_route=\/wp\/v2\/types\/page"}],"author":[{"embeddable":true,"href":"https:\/\/conacon.de\/index.php?rest_route=\/wp\/v2\/users\/1"}],"replies":[{"embeddable":true,"href":"https:\/\/conacon.de\/index.php?rest_route=%2Fwp%2Fv2%2Fcomments&post=16"}],"version-history":[{"count":2,"href":"https:\/\/conacon.de\/index.php?rest_route=\/wp\/v2\/pages\/16\/revisions"}],"predecessor-version":[{"id":35,"href":"https:\/\/conacon.de\/index.php?rest_route=\/wp\/v2\/pages\/16\/revisions\/35"}],"wp:featuredmedia":[{"embeddable":true,"href":"https:\/\/conacon.de\/index.php?rest_route=\/wp\/v2\/media\/47"}],"wp:attachment":[{"href":"https:\/\/conacon.de\/index.php?rest_route=%2Fwp%2Fv2%2Fmedia&parent=16"}],"curies":[{"name":"wp","href":"https:\/\/api.w.org\/{rel}","templated":true}]}}