{"id":14,"date":"2019-06-07T06:44:42","date_gmt":"2019-06-07T06:44:42","guid":{"rendered":"http:\/\/conacon.de\/?page_id=14"},"modified":"2019-06-07T07:40:43","modified_gmt":"2019-06-07T07:40:43","slug":"managementunterstuetzung","status":"publish","type":"page","link":"https:\/\/conacon.de\/?page_id=14","title":{"rendered":"Managementunterst\u00fctzung"},"content":{"rendered":"\n<p>CONACON bietet Ihnen die operative Management-Unterst\u00fctzung, die sie suchen. Externe Fachkompetenz ohne teures Personal und lange Einarbeitungsphasen.<\/p>\n\n\n\n<p>Wir erledigen Ihre delegierbaren Arbeiten und \u201eZeitfresser\u201c, arbeiten Ihre To-Do-Liste und offenen Projekte ab, und erstellen eilige Pr\u00e4sentationen und Messeunterlagen f\u00fcr Sie. Wir sind sofort operativ f\u00fcr Sie t\u00e4tig, gerne diskret und im Hintergrund.<\/p>\n\n\n\n<p>Sie gewinnen mehr Zeit, Kapazit\u00e4t und Freir\u00e4ume f\u00fcr Ihre wichtigen Themen! \u00dcberlange Management-Arbeitstage werden reduziert, die Lebensqualit\u00e4t und die zielgerichtete Leistungsf\u00e4higkeit des Unternehmers steigen.<\/p>\n\n\n\n<p>Lassen Sie nicht l\u00e4nger wichtige Projekte oder Aufgaben liegen, sondern handeln Sie jetzt. Wir sichern Ihnen die vertrauliche Unterst\u00fctzung auf Zeit zu.<\/p>\n","protected":false},"excerpt":{"rendered":"<p>CONACON bietet Ihnen die operative Management-Unterst\u00fctzung, die sie suchen. Externe Fachkompetenz ohne teures Personal und lange Einarbeitungsphasen. Wir erledigen Ihre delegierbaren Arbeiten und \u201eZeitfresser\u201c, arbeiten Ihre To-Do-Liste und offenen Projekte ab, und erstellen eilige Pr\u00e4sentationen und Messeunterlagen f\u00fcr Sie. Wir sind sofort operativ f\u00fcr Sie t\u00e4tig, gerne diskret und im Hintergrund. Sie gewinnen mehr Zeit, &hellip; <a href=\"https:\/\/conacon.de\/?page_id=14\" class=\"more-link\"><span class=\"screen-reader-text\">Managementunterst\u00fctzung<\/span> weiterlesen<\/a><\/p>\n","protected":false},"author":1,"featured_media":46,"parent":0,"menu_order":0,"comment_status":"closed","ping_status":"closed","template":"","meta":[],"_links":{"self":[{"href":"https:\/\/conacon.de\/index.php?rest_route=\/wp\/v2\/pages\/14"}],"collection":[{"href":"https:\/\/conacon.de\/index.php?rest_route=\/wp\/v2\/pages"}],"about":[{"href":"https:\/\/conacon.de\/index.php?rest_route=\/wp\/v2\/types\/page"}],"author":[{"embeddable":true,"href":"https:\/\/conacon.de\/index.php?rest_route=\/wp\/v2\/users\/1"}],"replies":[{"embeddable":true,"href":"https:\/\/conacon.de\/index.php?rest_route=%2Fwp%2Fv2%2Fcomments&post=14"}],"version-history":[{"count":1,"href":"https:\/\/conacon.de\/index.php?rest_route=\/wp\/v2\/pages\/14\/revisions"}],"predecessor-version":[{"id":15,"href":"https:\/\/conacon.de\/index.php?rest_route=\/wp\/v2\/pages\/14\/revisions\/15"}],"wp:featuredmedia":[{"embeddable":true,"href":"https:\/\/conacon.de\/index.php?rest_route=\/wp\/v2\/media\/46"}],"wp:attachment":[{"href":"https:\/\/conacon.de\/index.php?rest_route=%2Fwp%2Fv2%2Fmedia&parent=14"}],"curies":[{"name":"wp","href":"https:\/\/api.w.org\/{rel}","templated":true}]}}